{"id":4,"date":"2020-02-11T12:58:49","date_gmt":"2020-02-11T12:58:49","guid":{"rendered":"https:\/\/all-seasons.me\/bienvenue-sur-http-all-seasons-me"},"modified":"2025-12-10T07:50:27","modified_gmt":"2025-12-10T07:50:27","slug":"homepage","status":"publish","type":"page","link":"https:\/\/all-seasons.me\/es\/","title":{"rendered":"INICIO"},"content":{"rendered":"<!--themify_builder_content-->\n<div id=\"themify_builder_content-4\" data-postid=\"4\" class=\"themify_builder_content themify_builder_content-4 themify_builder tf_clear\">\n                    <div  data-css_id=\"xrvv147\" data-lazy=\"1\" class=\"module_row themify_builder_row fullwidth tb_xrvv147 tb_first tf_w\">\n            <span  class=\"builder_row_cover tf_abs\" data-lazy=\"1\"><\/span>            <div class=\"row_inner col_align_top tb_col_count_1 tf_box tf_rel\">\n                        <div  data-lazy=\"1\" class=\"module_column tb-column col-full tb_gbyf147 first\">\n                            <div  data-lazy=\"1\" class=\"module_subrow themify_builder_sub_row tf_w col_align_top tb_col_count_1 tb_hccc147 wow\" data-tf-animation=\"fadeInUp\">\n                <div  data-lazy=\"1\" class=\"module_column sub_column col-full tb_loul147 first\">\n                    <!-- module image -->\n<div  class=\"module module-image tb_10kn147 image-center   tf_mw wow\" data-tf-animation=\"fadeIn\" data-tf-animation_delay=\"1\" data-lazy=\"1\">\n        <div class=\"image-wrap tf_rel tf_mw\">\n            <img loading=\"lazy\" decoding=\"async\" src=\"https:\/\/all-seasons.me\/wp-content\/uploads\/2024\/12\/All-seasons-full-white.svg\" width=\"200\" height=\"194\" class=\"wp-post-image wp-image-7218\" title=\"All-seasons-full-white\" alt=\"All-seasons-full-white\">    \n        <\/div>\n    <!-- \/image-wrap -->\n    \n        <\/div>\n<!-- \/module image --><!-- module text -->\n<div  class=\"module module-text tb_4zqd147    wow\" data-tf-animation=\"fadeIn\" data-tf-animation_delay=\"1\" data-lazy=\"1\">\n        <div  class=\"tb_text_wrap\">\n        <p style=\"text-align: center;\">All-Seasons ofrece experiencia, distribuci\u00f3n y servicios en Francia y Europa.<\/p>\n<p style=\"text-align: center;\">Especializados en distribuci\u00f3n que reinventan el rendimiento con estilo.<\/p>    <\/div>\n<\/div>\n<!-- \/module text --><!-- module button pro -->\n<div  id=\"tb_kyyp150\" class=\"module module-button tb_kyyp150 button-link-external  tb_default_color wow\" data-tf-animation=\"fadeInUp\" data-tf-animation_delay=\"2\" data-lazy=\"1\">\n\t\n    <a  class=\"ui builder_button tb_default_color\" href=\"https:\/\/all-seasons.me\/es\/?page_id=49\">\n\t\t\t\t<span>Nuestras marcas<\/span>\n    <\/a>\n\n\t\n\t<\/div>\n<!-- \/module button pro -->\n        <\/div>\n                    <\/div>\n                <\/div>\n                        <\/div>\n        <\/div>\n                        <div  data-css_id=\"u9zh147\" data-lazy=\"1\" class=\"module_row themify_builder_row fullwidth_row_container tb_u9zh147 tf_w\">\n                        <div class=\"row_inner col_align_middle gutter-none tb_col_count_2 tf_box tf_rel\">\n                        <div  data-lazy=\"1\" class=\"module_column tb-column col4-2 tb_dsd0147 first\">\n                    <!-- module image -->\n<div  class=\"module module-image tb_k32o147 image-full-overlay   auto_fullwidth tf_mw\" data-lazy=\"1\">\n        <div class=\"image-wrap tf_rel tf_mw\">\n            <img decoding=\"async\" src=\"https:\/\/all-seasons.me\/wp-content\/uploads\/2024\/12\/MG_3804-Enhanced-NR.jpg\" title=\"INICIO\" alt=\"INICIO\">    \n        <\/div>\n    <!-- \/image-wrap -->\n    \n        <\/div>\n<!-- \/module image -->        <\/div>\n                    <div  data-lazy=\"1\" class=\"module_column tb-column col4-2 tb_314r147 last\">\n                    <!-- module text -->\n<div  class=\"module module-text tb_f0as147    wow\" data-tf-animation=\"fadeInUp\" data-lazy=\"1\">\n        <div  class=\"tb_text_wrap\">\n        <h2>\u00bfC\u00f3mo se pasa de<br>una nueva tendencia de los clientes,<br>una innovaci\u00f3n<br>a un <strong>\u00e9xito empresarial<\/strong>?<\/h2>    <\/div>\n<\/div>\n<!-- \/module text -->        <\/div>\n                        <\/div>\n        <\/div>\n                        <div  data-css_id=\"1hws147\" data-lazy=\"1\" class=\"module_row themify_builder_row fullwidth_row_container tb_1hws147 tf_w\">\n                        <div class=\"row_inner col_align_middle gutter-none tb_col_count_2 tf_box tf_rel\">\n                        <div  data-lazy=\"1\" class=\"module_column tb-column col4-2 tb_8anx147 first\">\n                    <!-- module text -->\n<div  class=\"module module-text tb_ove3147    wow\" data-tf-animation=\"fadeInUp\" data-lazy=\"1\">\n        <div  class=\"tb_text_wrap\">\n        <h2 style=\"text-align: center;\">\u00bfC\u00f3mo trabajan en equipo sus equipos de venta al por menor y al por mayor?<\/h2>    <\/div>\n<\/div>\n<!-- \/module text -->        <\/div>\n                    <div  data-lazy=\"1\" class=\"module_column tb-column col4-2 tb_oo9a147 last\">\n                    <!-- module image -->\n<div  class=\"module module-image tb_t1b1147 image-center   auto_fullwidth tf_mw\" data-lazy=\"1\">\n        <div class=\"image-wrap tf_rel tf_mw\">\n            <img decoding=\"async\" src=\"https:\/\/all-seasons.me\/wp-content\/uploads\/2024\/12\/all-seasons-agency-2.jpg\" title=\"INICIO\" alt=\"INICIO\">    \n        <\/div>\n    <!-- \/image-wrap -->\n    \n        <\/div>\n<!-- \/module image -->        <\/div>\n                        <\/div>\n        <\/div>\n                        <div  data-css_id=\"7ebd147\" data-lazy=\"1\" class=\"module_row themify_builder_row fullwidth_row_container tb_7ebd147 tf_w\">\n                        <div class=\"row_inner col_align_middle gutter-none tb_col_count_2 tf_box tf_rel\">\n                        <div  data-lazy=\"1\" class=\"module_column tb-column col4-2 tb_qr57147 first\">\n                    <!-- module image -->\n<div  class=\"module module-image tb_0qki147 image-center   auto_fullwidth tf_mw\" data-lazy=\"1\">\n        <div class=\"image-wrap tf_rel tf_mw\">\n            <img decoding=\"async\" src=\"https:\/\/all-seasons.me\/wp-content\/uploads\/2024\/12\/all-seasons-agency.jpeg\" title=\"INICIO\" alt=\"INICIO\">    \n        <\/div>\n    <!-- \/image-wrap -->\n    \n        <\/div>\n<!-- \/module image -->        <\/div>\n                    <div  data-lazy=\"1\" class=\"module_column tb-column col4-2 tb_oqe3147 last\">\n                    <!-- module text -->\n<div  class=\"module module-text tb_3apy0    wow\" data-tf-animation=\"fadeInUp\" data-lazy=\"1\">\n        <div  class=\"tb_text_wrap\">\n        <h2 style=\"text-align: center;\">\u00bfC\u00f3mo se adapta<br>su organizaci\u00f3n<br>que se adhieran a la <br>\u00bfDistribuci\u00f3n\/consumidor?<\/h2>    <\/div>\n<\/div>\n<!-- \/module text -->        <\/div>\n                        <\/div>\n        <\/div>\n                        <div  data-css_id=\"q5gf147\" data-lazy=\"1\" class=\"module_row themify_builder_row fullwidth_row_container tb_q5gf147 tf_w\">\n                        <div class=\"row_inner col_align_middle gutter-none col_auto_height tb_col_count_2 tf_box tf_rel\">\n                        <div  data-lazy=\"1\" class=\"module_column tb-column col4-2 tb_uuhg147 first\">\n                    <!-- module text -->\n<div  class=\"module module-text tb_09ea197    wow\" data-tf-animation=\"fadeInUp\" data-lazy=\"1\">\n        <div  class=\"tb_text_wrap\">\n        <h2 style=\"text-align: center;\">El DTC rompe los modelos de distribuci\u00f3n<\/h2>\n<h2 style=\"text-align: center;\">\u00bfY la tuya?<\/h2>\n<h2 style=\"text-align: center;\">\u00a0<\/h2>\n<h2 style=\"text-align: center;\">El comercio minorista tiene que cambiar<\/h2>\n<h2 style=\"text-align: center;\">de la transacci\u00f3n a la emoci\u00f3n.<\/h2>\n<h2 style=\"text-align: center;\">\u00bfC\u00f3mo lo consigue?\u00a0<\/h2>    <\/div>\n<\/div>\n<!-- \/module text -->        <\/div>\n                    <div  data-lazy=\"1\" class=\"module_column tb-column col4-2 tb_u3kd147 last\">\n                    <!-- module image -->\n<div  class=\"module module-image tb_huv8147 image-center   auto_fullwidth tf_mw\" data-lazy=\"1\">\n        <div class=\"image-wrap tf_rel tf_mw\">\n            <img decoding=\"async\" src=\"https:\/\/all-seasons.me\/wp-content\/uploads\/2024\/12\/I2.jpg\" title=\"INICIO\" alt=\"INICIO\">    \n        <\/div>\n    <!-- \/image-wrap -->\n    \n        <\/div>\n<!-- \/module image -->        <\/div>\n                        <\/div>\n        <\/div>\n        <\/div>\n<!--\/themify_builder_content-->","protected":false},"excerpt":{"rendered":"<p>All-Seasons offers expertise, distribution and services in France and Europe. Specialized on distribution which are reinventing performance with style Our brands How do you move froma new customer trend,an innovationto a business success? How your wholeasle and retail teams work as a team? How do you adaptyour organizationto stick to the Distribution\/consumer? DTC\u00a0 is breaking [&hellip;]<\/p>\n","protected":false},"author":3,"featured_media":0,"parent":0,"menu_order":0,"comment_status":"closed","ping_status":"closed","template":"","meta":{"_monsterinsights_skip_tracking":false,"_monsterinsights_sitenote_active":false,"_monsterinsights_sitenote_note":"","_monsterinsights_sitenote_category":0,"_uf_show_specific_survey":0,"_uf_disable_surveys":false,"footnotes":""},"class_list":["post-4","page","type-page","status-publish","hentry","has-post-title","has-post-date","has-post-category","has-post-tag","has-post-comment","has-post-author",""],"aioseo_notices":[],"yoast_head":"<!-- This site is optimized with the Yoast SEO plugin v27.5 - https:\/\/yoast.com\/product\/yoast-seo-wordpress\/ -->\n<title>All-Seasons - Experts in Sport Brands distribution throughout Europe.<\/title>\n<meta name=\"description\" content=\"All-Seasons founded to service Sports Brands that require expertise, service and distribution in Sport and Outdoor industry.\" \/>\n<meta name=\"robots\" content=\"index, follow, max-snippet:-1, max-image-preview:large, max-video-preview:-1\" \/>\n<link rel=\"canonical\" href=\"https:\/\/all-seasons.me\/es\/\" \/>\n<meta property=\"og:locale\" content=\"es_ES\" \/>\n<meta property=\"og:type\" content=\"article\" \/>\n<meta property=\"og:title\" content=\"All-Seasons - Experts in Sport Brands distribution throughout Europe.\" \/>\n<meta property=\"og:description\" content=\"All-Seasons founded to service Sports Brands that require expertise, service and distribution in Sport and Outdoor industry.\" \/>\n<meta property=\"og:url\" content=\"https:\/\/all-seasons.me\/es\/\" \/>\n<meta property=\"og:site_name\" content=\"All Seasons\" \/>\n<meta property=\"article:modified_time\" content=\"2025-12-10T07:50:27+00:00\" \/>\n<meta name=\"twitter:card\" content=\"summary_large_image\" \/>\n<meta name=\"twitter:label1\" content=\"Tiempo de lectura\" \/>\n\t<meta name=\"twitter:data1\" content=\"2 minutos\" \/>\n<script type=\"application\/ld+json\" class=\"yoast-schema-graph\">{\"@context\":\"https:\\\/\\\/schema.org\",\"@graph\":[{\"@type\":\"WebPage\",\"@id\":\"https:\\\/\\\/all-seasons.me\\\/\",\"url\":\"https:\\\/\\\/all-seasons.me\\\/\",\"name\":\"All-Seasons - Experts in Sport Brands distribution throughout Europe.\",\"isPartOf\":{\"@id\":\"https:\\\/\\\/all-seasons.me\\\/#website\"},\"primaryImageOfPage\":{\"@id\":\"https:\\\/\\\/all-seasons.me\\\/#primaryimage\"},\"image\":{\"@id\":\"https:\\\/\\\/all-seasons.me\\\/#primaryimage\"},\"thumbnailUrl\":\"https:\\\/\\\/all-seasons.me\\\/wp-content\\\/uploads\\\/2024\\\/12\\\/All-seasons-full-white.svg\",\"datePublished\":\"2020-02-11T12:58:49+00:00\",\"dateModified\":\"2025-12-10T07:50:27+00:00\",\"description\":\"All-Seasons founded to service Sports Brands that require expertise, service and distribution in Sport and Outdoor industry.\",\"breadcrumb\":{\"@id\":\"https:\\\/\\\/all-seasons.me\\\/#breadcrumb\"},\"inLanguage\":\"es\",\"potentialAction\":[{\"@type\":\"ReadAction\",\"target\":[\"https:\\\/\\\/all-seasons.me\\\/\"]}]},{\"@type\":\"ImageObject\",\"inLanguage\":\"es\",\"@id\":\"https:\\\/\\\/all-seasons.me\\\/#primaryimage\",\"url\":\"https:\\\/\\\/all-seasons.me\\\/wp-content\\\/uploads\\\/2024\\\/12\\\/All-seasons-full-white.svg\",\"contentUrl\":\"https:\\\/\\\/all-seasons.me\\\/wp-content\\\/uploads\\\/2024\\\/12\\\/All-seasons-full-white.svg\"},{\"@type\":\"BreadcrumbList\",\"@id\":\"https:\\\/\\\/all-seasons.me\\\/#breadcrumb\",\"itemListElement\":[{\"@type\":\"ListItem\",\"position\":1,\"name\":\"Accueil\",\"item\":\"https:\\\/\\\/all-seasons.me\\\/\"},{\"@type\":\"ListItem\",\"position\":2,\"name\":\"HOME\"}]},{\"@type\":\"WebSite\",\"@id\":\"https:\\\/\\\/all-seasons.me\\\/#website\",\"url\":\"https:\\\/\\\/all-seasons.me\\\/\",\"name\":\"All Seasons\",\"description\":\"\",\"potentialAction\":[{\"@type\":\"SearchAction\",\"target\":{\"@type\":\"EntryPoint\",\"urlTemplate\":\"https:\\\/\\\/all-seasons.me\\\/?s={search_term_string}\"},\"query-input\":{\"@type\":\"PropertyValueSpecification\",\"valueRequired\":true,\"valueName\":\"search_term_string\"}}],\"inLanguage\":\"es\"}]}<\/script>\n<!-- \/ Yoast SEO plugin. -->","yoast_head_json":{"title":"All-Seasons - Expertos en distribuci\u00f3n de marcas deportivas en toda Europa.","description":"All-Seasons se fund\u00f3 para dar servicio a las marcas deportivas que requieren experiencia, servicio y distribuci\u00f3n en la industria del deporte y las actividades al aire libre.","robots":{"index":"index","follow":"follow","max-snippet":"max-snippet:-1","max-image-preview":"max-image-preview:large","max-video-preview":"max-video-preview:-1"},"canonical":"https:\/\/all-seasons.me\/es\/","og_locale":"es_ES","og_type":"article","og_title":"All-Seasons - Experts in Sport Brands distribution throughout Europe.","og_description":"All-Seasons founded to service Sports Brands that require expertise, service and distribution in Sport and Outdoor industry.","og_url":"https:\/\/all-seasons.me\/es\/","og_site_name":"All Seasons","article_modified_time":"2025-12-10T07:50:27+00:00","twitter_card":"summary_large_image","twitter_misc":{"Tiempo de lectura":"2 minutos"},"schema":{"@context":"https:\/\/schema.org","@graph":[{"@type":"WebPage","@id":"https:\/\/all-seasons.me\/","url":"https:\/\/all-seasons.me\/","name":"All-Seasons - Expertos en distribuci\u00f3n de marcas deportivas en toda Europa.","isPartOf":{"@id":"https:\/\/all-seasons.me\/#website"},"primaryImageOfPage":{"@id":"https:\/\/all-seasons.me\/#primaryimage"},"image":{"@id":"https:\/\/all-seasons.me\/#primaryimage"},"thumbnailUrl":"https:\/\/all-seasons.me\/wp-content\/uploads\/2024\/12\/All-seasons-full-white.svg","datePublished":"2020-02-11T12:58:49+00:00","dateModified":"2025-12-10T07:50:27+00:00","description":"All-Seasons se fund\u00f3 para dar servicio a las marcas deportivas que requieren experiencia, servicio y distribuci\u00f3n en la industria del deporte y las actividades al aire libre.","breadcrumb":{"@id":"https:\/\/all-seasons.me\/#breadcrumb"},"inLanguage":"es","potentialAction":[{"@type":"ReadAction","target":["https:\/\/all-seasons.me\/"]}]},{"@type":"ImageObject","inLanguage":"es","@id":"https:\/\/all-seasons.me\/#primaryimage","url":"https:\/\/all-seasons.me\/wp-content\/uploads\/2024\/12\/All-seasons-full-white.svg","contentUrl":"https:\/\/all-seasons.me\/wp-content\/uploads\/2024\/12\/All-seasons-full-white.svg"},{"@type":"BreadcrumbList","@id":"https:\/\/all-seasons.me\/#breadcrumb","itemListElement":[{"@type":"ListItem","position":1,"name":"Accueil","item":"https:\/\/all-seasons.me\/"},{"@type":"ListItem","position":2,"name":"HOME"}]},{"@type":"WebSite","@id":"https:\/\/all-seasons.me\/#website","url":"https:\/\/all-seasons.me\/","name":"Todas las estaciones","description":"","potentialAction":[{"@type":"SearchAction","target":{"@type":"EntryPoint","urlTemplate":"https:\/\/all-seasons.me\/?s={search_term_string}"},"query-input":{"@type":"PropertyValueSpecification","valueRequired":true,"valueName":"search_term_string"}}],"inLanguage":"es"}]}},"builder_content":"<img src=\"https:\/\/all-seasons.me\/wp-content\/uploads\/2024\/12\/All-seasons-full-white.svg\" width=\"200\" height=\"194\" title=\"All-seasons-full-white\" alt=\"All-seasons-full-white\">\n<p style=\"text-align: center;\">All-Seasons offers expertise, distribution and services in France and Europe.<\/p> <p style=\"text-align: center;\">Specialized on distribution which are reinventing performance with style<\/p>\n<a href=\"https:\/\/all-seasons.me\/?page_id=49\"> Our brands <\/a>\n<img src=\"https:\/\/all-seasons.me\/wp-content\/uploads\/2024\/12\/MG_3804-Enhanced-NR.jpg\" title=\"HOME\" alt=\"HOME\">\n<h2>How do you move from<br>a new customer trend,<br>an innovation<br>to a <strong>business success<\/strong>?<\/h2>\n<h2 style=\"text-align: center;\">How your wholeasle and retail teams work as a team?<\/h2>\n<img src=\"https:\/\/all-seasons.me\/wp-content\/uploads\/2024\/12\/all-seasons-agency-2.jpg\" title=\"HOME\" alt=\"HOME\">\n<img src=\"https:\/\/all-seasons.me\/wp-content\/uploads\/2024\/12\/all-seasons-agency.jpeg\" title=\"HOME\" alt=\"HOME\">\n<h2 style=\"text-align: center;\">How do you adapt<br>your organization<br>to stick to the <br>Distribution\/consumer?<\/h2>\n<h2 style=\"text-align: center;\">DTC\u00a0 is breaking distribution models<\/h2> <h2 style=\"text-align: center;\">What about yours?<\/h2> <h2 style=\"text-align: center;\">\u00a0<\/h2> <h2 style=\"text-align: center;\">Retail has to switch<\/h2> <h2 style=\"text-align: center;\">from transaction to Emotion.<\/h2> <h2 style=\"text-align: center;\">How do you manage that ?\u00a0<\/h2>\n<img src=\"https:\/\/all-seasons.me\/wp-content\/uploads\/2024\/12\/I2.jpg\" title=\"HOME\" alt=\"HOME\">","_links":{"self":[{"href":"https:\/\/all-seasons.me\/es\/wp-json\/wp\/v2\/pages\/4","targetHints":{"allow":["GET"]}}],"collection":[{"href":"https:\/\/all-seasons.me\/es\/wp-json\/wp\/v2\/pages"}],"about":[{"href":"https:\/\/all-seasons.me\/es\/wp-json\/wp\/v2\/types\/page"}],"author":[{"embeddable":true,"href":"https:\/\/all-seasons.me\/es\/wp-json\/wp\/v2\/users\/3"}],"replies":[{"embeddable":true,"href":"https:\/\/all-seasons.me\/es\/wp-json\/wp\/v2\/comments?post=4"}],"version-history":[{"count":8,"href":"https:\/\/all-seasons.me\/es\/wp-json\/wp\/v2\/pages\/4\/revisions"}],"predecessor-version":[{"id":7377,"href":"https:\/\/all-seasons.me\/es\/wp-json\/wp\/v2\/pages\/4\/revisions\/7377"}],"wp:attachment":[{"href":"https:\/\/all-seasons.me\/es\/wp-json\/wp\/v2\/media?parent=4"}],"curies":[{"name":"wp","href":"https:\/\/api.w.org\/{rel}","templated":true}]}}