{"id":47,"date":"2020-02-12T13:52:42","date_gmt":"2020-02-12T13:52:42","guid":{"rendered":"https:\/\/all-seasons.me\/?page_id=47"},"modified":"2024-12-23T14:52:30","modified_gmt":"2024-12-23T14:52:30","slug":"services","status":"publish","type":"page","link":"https:\/\/all-seasons.me\/es\/services\/","title":{"rendered":"SERVICIOS"},"content":{"rendered":"<!--themify_builder_content-->\n<div id=\"themify_builder_content-47\" data-postid=\"47\" class=\"themify_builder_content themify_builder_content-47 themify_builder tf_clear\">\n                    <div  data-css_id=\"7dwa193\" data-lazy=\"1\" class=\"module_row themify_builder_row fullwidth tb_7dwa193 tb_first tf_w\">\n            <span  class=\"builder_row_cover tf_abs\" data-lazy=\"1\"><\/span>            <div class=\"row_inner col_align_top tb_col_count_1 tf_box tf_rel\">\n                        <div  data-lazy=\"1\" class=\"module_column tb-column col-full tb_z7ts193 first\">\n                    <!-- module text -->\n<div  class=\"module module-text tb_atfy193\" data-lazy=\"1\">\n        <div  class=\"tb_text_wrap\">\n        <h1 style=\"text-align: center;\">Asociarse con los mejores expertos<\/h1>    <\/div>\n<\/div>\n<!-- \/module text --><!-- module button pro -->\n<div  id=\"tb_r52p556\" class=\"module module-button tb_r52p556 button-link-external  tb_default_color wow\" data-tf-animation=\"fadeInUp\" data-lazy=\"1\">\n\t\n    <a  class=\"ui builder_button tb_default_color\" href=\"https:\/\/all-seasons.me\/es\/contact\/\">\n\t\t\t\t<span>P\u00f3ngase en contacto con nosotros<\/span>\n    <\/a>\n\n\t\n\t<\/div>\n<!-- \/module button pro -->\n        <\/div>\n                        <\/div>\n        <\/div>\n                        <div  data-lazy=\"1\" class=\"module_row themify_builder_row tb_p9nw193 tf_w\">\n                        <div class=\"row_inner col_align_middle gutter-none tb_col_count_2 tf_box tf_rel\">\n                        <div  data-lazy=\"1\" class=\"module_column tb-column col4-2 tb_fg2d193 first\">\n                    <!-- module image -->\n<div  class=\"module module-image tb_q19h193 image-top   auto_fullwidth tf_mw wow\" data-tf-animation=\"fadeIn\" data-lazy=\"1\">\n        <div class=\"image-wrap tf_rel tf_mw\">\n            <img decoding=\"async\" src=\"https:\/\/all-seasons.me\/wp-content\/uploads\/2024\/12\/dreeeeeee.jpg\" title=\"SERVICIOS\" alt=\"SERVICIOS\">    \n        <\/div>\n    <!-- \/image-wrap -->\n    \n        <\/div>\n<!-- \/module image -->        <\/div>\n                    <div  data-lazy=\"1\" class=\"module_column tb-column col4-2 tb_s3lj193 last\">\n                    <!-- module text -->\n<div  class=\"module module-text tb_0n8p193    wow\" data-tf-animation=\"fadeInUp\" data-lazy=\"1\">\n        <div  class=\"tb_text_wrap\">\n        <h1 style=\"text-align: center;\">1. Estrategia de consultor\u00eda<\/h1>\n<p style=\"text-align: center;\">Ir al mercado<br>Estrategia de distribuci\u00f3n<br>Gesti\u00f3n de cuentas clave<br>Posicionamiento del producto<br>Control transfronterizo<br>Organizaci\u00f3n de procesos<br>Desarrollo de nuevas categor\u00edas<\/p>\n<p style=\"text-align: center;\">Recaudaci\u00f3n encontrada (A o B)<br><br><\/p>\n<h2 style=\"text-align: center;\">Aportamos experiencia<br>en el desarrollo de marcas<\/h2>    <\/div>\n<\/div>\n<!-- \/module text -->        <\/div>\n                        <\/div>\n        <\/div>\n                        <div  data-lazy=\"1\" class=\"module_row themify_builder_row tb_76m5193 tf_w\">\n                        <div class=\"row_inner col_align_middle gutter-none tb_col_count_2 tf_box tf_rel\">\n                        <div  data-lazy=\"1\" class=\"module_column tb-column col4-2 tb_35ft193 first\">\n                    <!-- module text -->\n<div  class=\"module module-text tb_eua7193    wow\" data-tf-animation=\"fadeInUp\" data-lazy=\"1\">\n        <div  class=\"tb_text_wrap\">\n        <h1 style=\"text-align: center;\">2. Distribuci\u00f3n<\/h1>\n<p style=\"text-align: center;\">Distribuidor y agente general<br>Contrataci\u00f3n de comerciales<br>Gesti\u00f3n del equipo de ventas<br>Negociaci\u00f3n de cuentas clave<br>Desarrollo de SMU<br>An\u00e1lisis de datos<br>Venta al por menor<br>Comercializaci\u00f3n visual<br>Evento<\/p>\n<h3 style=\"text-align: center;\">Nos centramos en Sell-in y Sell-out<\/h3>\n<h3 style=\"text-align: center;\">con respecto al posicionamiento de la marca<\/h3>    <\/div>\n<\/div>\n<!-- \/module text -->        <\/div>\n                    <div  data-lazy=\"1\" class=\"module_column tb-column col4-2 tb_88xn193 last\">\n                    <!-- module image -->\n<div  class=\"module module-image tb_g28a193 image-top   auto_fullwidth tf_mw wow\" data-tf-animation=\"fadeIn\" data-lazy=\"1\">\n        <div class=\"image-wrap tf_rel tf_mw\">\n            <img decoding=\"async\" src=\"https:\/\/all-seasons.me\/wp-content\/uploads\/2024\/12\/2018_07_28-FAR-Shooting-120-scaled-1.jpg\" title=\"SERVICIOS\" alt=\"SERVICIOS\">    \n        <\/div>\n    <!-- \/image-wrap -->\n    \n        <\/div>\n<!-- \/module image -->        <\/div>\n                        <\/div>\n        <\/div>\n                        <div  data-lazy=\"1\" class=\"module_row themify_builder_row tb_pp8x193 tf_w\">\n                        <div class=\"row_inner col_align_middle gutter-none tb_col_count_2 tf_box tf_rel\">\n                        <div  data-lazy=\"1\" class=\"module_column tb-column col4-2 tb_1npy193 first\">\n                    <!-- module image -->\n<div  class=\"module module-image tb_bqh7193 image-top   auto_fullwidth tf_mw\" data-lazy=\"1\">\n        <div class=\"image-wrap tf_rel tf_mw\">\n            <img decoding=\"async\" src=\"https:\/\/all-seasons.me\/wp-content\/uploads\/2024\/12\/Services-All-seasons.png\" title=\"SERVICIOS\" alt=\"SERVICIOS\">    \n        <\/div>\n    <!-- \/image-wrap -->\n    \n        <\/div>\n<!-- \/module image -->        <\/div>\n                    <div  data-lazy=\"1\" class=\"module_column tb-column col4-2 tb_l4hy193 last\">\n                    <!-- module text -->\n<div  class=\"module module-text tb_4qyq193    wow\" data-tf-animation=\"fadeInUp\" data-lazy=\"1\">\n        <div  class=\"tb_text_wrap\">\n        <h1 style=\"text-align: center;\">3. Servicios<\/h1>\n<p style=\"text-align: center;\">Asociarse con los mejores expertos<br><br>Atenci\u00f3n al cliente<br>Plataforma log\u00edstica<br>Expertos en TI<br>Expertos en relaciones p\u00fablicas y redes sociales <br>Captaci\u00f3n de capital<\/p>\n<h3 style=\"text-align: center;\">Aportamos\u00a0<br>el paquete completo para triunfar<\/h3>    <\/div>\n<\/div>\n<!-- \/module text -->        <\/div>\n                        <\/div>\n        <\/div>\n        <\/div>\n<!--\/themify_builder_content-->","protected":false},"excerpt":{"rendered":"<p>Partnering with the best experts Contact us 1. Consulting strategy Go to marketDistribution strategyKey account managementProduct positioningCross border ControlProcess organizationNew category development Found Raising (A or B) We bring expertisein brand development 2. Distribution Distributor &amp; General agentSales rep recruitmentSales team managementKey account negotiationSMU developementData analysisRetailVisual MerchandisingEvent We focus on Sell-in and Sell-out with respect [&hellip;]<\/p>\n","protected":false},"author":3,"featured_media":0,"parent":0,"menu_order":0,"comment_status":"closed","ping_status":"closed","template":"","meta":{"_monsterinsights_skip_tracking":false,"_monsterinsights_sitenote_active":false,"_monsterinsights_sitenote_note":"","_monsterinsights_sitenote_category":0,"_uf_show_specific_survey":0,"_uf_disable_surveys":false,"footnotes":""},"class_list":["post-47","page","type-page","status-publish","hentry","has-post-title","has-post-date","has-post-category","has-post-tag","has-post-comment","has-post-author",""],"aioseo_notices":[],"yoast_head":"<!-- This site is optimized with the Yoast SEO plugin v27.4 - https:\/\/yoast.com\/product\/yoast-seo-wordpress\/ -->\n<title>Our Services - All Seasons Consulting, Distribution &amp; Marketing<\/title>\n<meta name=\"description\" content=\"From Consulting Strategy to Distribution and Marketing, our experts will provide you the best go-to solutions to achieve your goals.\" \/>\n<meta name=\"robots\" content=\"index, follow, max-snippet:-1, max-image-preview:large, max-video-preview:-1\" \/>\n<link rel=\"canonical\" href=\"https:\/\/all-seasons.me\/es\/services\/\" \/>\n<meta property=\"og:locale\" content=\"es_ES\" \/>\n<meta property=\"og:type\" content=\"article\" \/>\n<meta property=\"og:title\" content=\"Our Services - All Seasons Consulting, Distribution &amp; Marketing\" \/>\n<meta property=\"og:description\" content=\"From Consulting Strategy to Distribution and Marketing, our experts will provide you the best go-to solutions to achieve your goals.\" \/>\n<meta property=\"og:url\" content=\"https:\/\/all-seasons.me\/es\/services\/\" \/>\n<meta property=\"og:site_name\" content=\"All Seasons\" \/>\n<meta property=\"article:modified_time\" content=\"2024-12-23T14:52:30+00:00\" \/>\n<meta property=\"og:image\" content=\"https:\/\/all-seasons.me\/wp-content\/uploads\/2024\/12\/dreeeeeee.jpg\" \/>\n<meta name=\"twitter:card\" content=\"summary_large_image\" \/>\n<meta name=\"twitter:label1\" content=\"Tiempo de lectura\" \/>\n\t<meta name=\"twitter:data1\" content=\"1 minuto\" \/>\n<script type=\"application\/ld+json\" class=\"yoast-schema-graph\">{\"@context\":\"https:\\\/\\\/schema.org\",\"@graph\":[{\"@type\":\"WebPage\",\"@id\":\"https:\\\/\\\/all-seasons.me\\\/services\\\/\",\"url\":\"https:\\\/\\\/all-seasons.me\\\/services\\\/\",\"name\":\"Our Services - All Seasons Consulting, Distribution & Marketing\",\"isPartOf\":{\"@id\":\"https:\\\/\\\/all-seasons.me\\\/#website\"},\"primaryImageOfPage\":{\"@id\":\"https:\\\/\\\/all-seasons.me\\\/services\\\/#primaryimage\"},\"image\":{\"@id\":\"https:\\\/\\\/all-seasons.me\\\/services\\\/#primaryimage\"},\"thumbnailUrl\":\"https:\\\/\\\/all-seasons.me\\\/wp-content\\\/uploads\\\/2024\\\/12\\\/dreeeeeee.jpg\",\"datePublished\":\"2020-02-12T13:52:42+00:00\",\"dateModified\":\"2024-12-23T14:52:30+00:00\",\"description\":\"From Consulting Strategy to Distribution and Marketing, our experts will provide you the best go-to solutions to achieve your goals.\",\"breadcrumb\":{\"@id\":\"https:\\\/\\\/all-seasons.me\\\/services\\\/#breadcrumb\"},\"inLanguage\":\"es\",\"potentialAction\":[{\"@type\":\"ReadAction\",\"target\":[\"https:\\\/\\\/all-seasons.me\\\/services\\\/\"]}]},{\"@type\":\"ImageObject\",\"inLanguage\":\"es\",\"@id\":\"https:\\\/\\\/all-seasons.me\\\/services\\\/#primaryimage\",\"url\":\"https:\\\/\\\/all-seasons.me\\\/wp-content\\\/uploads\\\/2024\\\/12\\\/dreeeeeee.jpg\",\"contentUrl\":\"https:\\\/\\\/all-seasons.me\\\/wp-content\\\/uploads\\\/2024\\\/12\\\/dreeeeeee.jpg\"},{\"@type\":\"BreadcrumbList\",\"@id\":\"https:\\\/\\\/all-seasons.me\\\/services\\\/#breadcrumb\",\"itemListElement\":[{\"@type\":\"ListItem\",\"position\":1,\"name\":\"Accueil\",\"item\":\"https:\\\/\\\/all-seasons.me\\\/\"},{\"@type\":\"ListItem\",\"position\":2,\"name\":\"SERVICES\"}]},{\"@type\":\"WebSite\",\"@id\":\"https:\\\/\\\/all-seasons.me\\\/#website\",\"url\":\"https:\\\/\\\/all-seasons.me\\\/\",\"name\":\"All Seasons\",\"description\":\"\",\"potentialAction\":[{\"@type\":\"SearchAction\",\"target\":{\"@type\":\"EntryPoint\",\"urlTemplate\":\"https:\\\/\\\/all-seasons.me\\\/?s={search_term_string}\"},\"query-input\":{\"@type\":\"PropertyValueSpecification\",\"valueRequired\":true,\"valueName\":\"search_term_string\"}}],\"inLanguage\":\"es\"}]}<\/script>\n<!-- \/ Yoast SEO plugin. -->","yoast_head_json":{"title":"Nuestros Servicios - All Seasons Consulting, Distribuci\u00f3n y Marketing","description":"Desde la estrategia de consultor\u00eda hasta la distribuci\u00f3n y el marketing, nuestros expertos le proporcionar\u00e1n las mejores soluciones para alcanzar sus objetivos.","robots":{"index":"index","follow":"follow","max-snippet":"max-snippet:-1","max-image-preview":"max-image-preview:large","max-video-preview":"max-video-preview:-1"},"canonical":"https:\/\/all-seasons.me\/es\/services\/","og_locale":"es_ES","og_type":"article","og_title":"Our Services - All Seasons Consulting, Distribution & Marketing","og_description":"From Consulting Strategy to Distribution and Marketing, our experts will provide you the best go-to solutions to achieve your goals.","og_url":"https:\/\/all-seasons.me\/es\/services\/","og_site_name":"All Seasons","article_modified_time":"2024-12-23T14:52:30+00:00","og_image":[{"url":"https:\/\/all-seasons.me\/wp-content\/uploads\/2024\/12\/dreeeeeee.jpg","type":"","width":"","height":""}],"twitter_card":"summary_large_image","twitter_misc":{"Tiempo de lectura":"1 minuto"},"schema":{"@context":"https:\/\/schema.org","@graph":[{"@type":"WebPage","@id":"https:\/\/all-seasons.me\/services\/","url":"https:\/\/all-seasons.me\/services\/","name":"Nuestros Servicios - All Seasons Consulting, Distribuci\u00f3n y Marketing","isPartOf":{"@id":"https:\/\/all-seasons.me\/#website"},"primaryImageOfPage":{"@id":"https:\/\/all-seasons.me\/services\/#primaryimage"},"image":{"@id":"https:\/\/all-seasons.me\/services\/#primaryimage"},"thumbnailUrl":"https:\/\/all-seasons.me\/wp-content\/uploads\/2024\/12\/dreeeeeee.jpg","datePublished":"2020-02-12T13:52:42+00:00","dateModified":"2024-12-23T14:52:30+00:00","description":"Desde la estrategia de consultor\u00eda hasta la distribuci\u00f3n y el marketing, nuestros expertos le proporcionar\u00e1n las mejores soluciones para alcanzar sus objetivos.","breadcrumb":{"@id":"https:\/\/all-seasons.me\/services\/#breadcrumb"},"inLanguage":"es","potentialAction":[{"@type":"ReadAction","target":["https:\/\/all-seasons.me\/services\/"]}]},{"@type":"ImageObject","inLanguage":"es","@id":"https:\/\/all-seasons.me\/services\/#primaryimage","url":"https:\/\/all-seasons.me\/wp-content\/uploads\/2024\/12\/dreeeeeee.jpg","contentUrl":"https:\/\/all-seasons.me\/wp-content\/uploads\/2024\/12\/dreeeeeee.jpg"},{"@type":"BreadcrumbList","@id":"https:\/\/all-seasons.me\/services\/#breadcrumb","itemListElement":[{"@type":"ListItem","position":1,"name":"Accueil","item":"https:\/\/all-seasons.me\/"},{"@type":"ListItem","position":2,"name":"SERVICES"}]},{"@type":"WebSite","@id":"https:\/\/all-seasons.me\/#website","url":"https:\/\/all-seasons.me\/","name":"Todas las estaciones","description":"","potentialAction":[{"@type":"SearchAction","target":{"@type":"EntryPoint","urlTemplate":"https:\/\/all-seasons.me\/?s={search_term_string}"},"query-input":{"@type":"PropertyValueSpecification","valueRequired":true,"valueName":"search_term_string"}}],"inLanguage":"es"}]}},"builder_content":"<h1 style=\"text-align: center;\">Partnering with the best experts<\/h1>\n<a href=\"https:\/\/all-seasons.me\/contact\"> Contact us <\/a>\n<img src=\"https:\/\/all-seasons.me\/wp-content\/uploads\/2024\/12\/dreeeeeee.jpg\" title=\"SERVICES\" alt=\"SERVICES\">\n<h1 style=\"text-align: center;\">1. Consulting strategy<\/h1> <p style=\"text-align: center;\">Go to market<br>Distribution strategy<br>Key account management<br>Product positioning<br>Cross border Control<br>Process organization<br>New category development<\/p> <p style=\"text-align: center;\">Found Raising (A or B)<br><br><\/p> <h2 style=\"text-align: center;\">We bring expertise<br>in brand development<\/h2>\n<h1 style=\"text-align: center;\">2. Distribution<\/h1> <p style=\"text-align: center;\">Distributor &amp; General agent<br>Sales rep recruitment<br>Sales team management<br>Key account negotiation<br>SMU developement<br>Data analysis<br>Retail<br>Visual Merchandising<br>Event<\/p> <h3 style=\"text-align: center;\">We focus on Sell-in and Sell-out<\/h3> <h3 style=\"text-align: center;\">with respect of brand positioning<\/h3>\n<img src=\"https:\/\/all-seasons.me\/wp-content\/uploads\/2024\/12\/2018_07_28-FAR-Shooting-120-scaled-1.jpg\" title=\"SERVICES\" alt=\"SERVICES\">\n<img src=\"https:\/\/all-seasons.me\/wp-content\/uploads\/2024\/12\/Services-All-seasons.png\" title=\"SERVICES\" alt=\"SERVICES\">\n<h1 style=\"text-align: center;\">3. Services<\/h1> <p style=\"text-align: center;\">Partnering with the best experts<br><br>Customer service<br>Logistic platform<br>IT experts<br>PR &amp; Social Media experts <br>Raising Capital<\/p> <h3 style=\"text-align: center;\">We bring\u00a0<br>the full package to succeed<\/h3>","_links":{"self":[{"href":"https:\/\/all-seasons.me\/es\/wp-json\/wp\/v2\/pages\/47","targetHints":{"allow":["GET"]}}],"collection":[{"href":"https:\/\/all-seasons.me\/es\/wp-json\/wp\/v2\/pages"}],"about":[{"href":"https:\/\/all-seasons.me\/es\/wp-json\/wp\/v2\/types\/page"}],"author":[{"embeddable":true,"href":"https:\/\/all-seasons.me\/es\/wp-json\/wp\/v2\/users\/3"}],"replies":[{"embeddable":true,"href":"https:\/\/all-seasons.me\/es\/wp-json\/wp\/v2\/comments?post=47"}],"version-history":[{"count":5,"href":"https:\/\/all-seasons.me\/es\/wp-json\/wp\/v2\/pages\/47\/revisions"}],"predecessor-version":[{"id":7206,"href":"https:\/\/all-seasons.me\/es\/wp-json\/wp\/v2\/pages\/47\/revisions\/7206"}],"wp:attachment":[{"href":"https:\/\/all-seasons.me\/es\/wp-json\/wp\/v2\/media?parent=47"}],"curies":[{"name":"wp","href":"https:\/\/api.w.org\/{rel}","templated":true}]}}